{"id":805,"date":"2025-02-18T18:27:52","date_gmt":"2025-02-18T17:27:52","guid":{"rendered":"https:\/\/pecadobychiqui.com\/?page_id=805"},"modified":"2025-03-06T12:35:43","modified_gmt":"2025-03-06T11:35:43","slug":"aviso-legal","status":"publish","type":"page","link":"https:\/\/pecadobychiqui.com\/?page_id=805","title":{"rendered":"Aviso legal"},"content":{"rendered":"\t\t<div data-elementor-type=\"wp-page\" data-elementor-id=\"805\" class=\"elementor elementor-805\" data-elementor-post-type=\"page\">\n\t\t\t\t<div class=\"elementor-element elementor-element-8a88c5d e-flex e-con-boxed e-con e-parent\" data-id=\"8a88c5d\" data-element_type=\"container\">\n\t\t\t\t\t<div class=\"e-con-inner\">\n\t\t\t\t<div class=\"elementor-element elementor-element-7efc4a4 elementor-widget elementor-widget-heading\" data-id=\"7efc4a4\" data-element_type=\"widget\" data-widget_type=\"heading.default\">\n\t\t\t\t<div class=\"elementor-widget-container\">\n\t\t\t\t\t<h2 class=\"elementor-heading-title elementor-size-default\">Aviso legal<\/h2>\t\t\t\t<\/div>\n\t\t\t\t<\/div>\n\t\t\t\t<div class=\"elementor-element elementor-element-08080ec elementor-widget elementor-widget-text-editor\" data-id=\"08080ec\" data-element_type=\"widget\" data-widget_type=\"text-editor.default\">\n\t\t\t\t<div class=\"elementor-widget-container\">\n\t\t\t\t\t\t\t\t\t<p>\u201c<i>En virtud del cumplimiento de la normativa EMVCo, MasterCard, VISA y la Directiva Europea PSDII, durante la operaci\u00f3n de pago electr\u00f3nico comunicar\u00e1 informaci\u00f3n referida a la conexi\u00f3n empleada en la sesi\u00f3n al Banco emisor de la tarjeta para proceder a la validaci\u00f3n de la operaci\u00f3n de pago realizada por el usuario\u201d<\/i>.<\/p>\t\t\t\t\t\t\t\t<\/div>\n\t\t\t\t<\/div>\n\t\t\t\t<div class=\"elementor-element elementor-element-c0aa826 elementor-widget elementor-widget-text-editor\" data-id=\"c0aa826\" data-element_type=\"widget\" data-widget_type=\"text-editor.default\">\n\t\t\t\t<div class=\"elementor-widget-container\">\n\t\t\t\t\t\t\t\t\t<ul><li data-start=\"336\" data-end=\"356\"><p><b><span data-contrast=\"auto\">1.- Introducci\u00f3n<\/span><\/b><span data-ccp-props=\"{&quot;335551550&quot;:6,&quot;335551620&quot;:6}\">\u00a0<\/span><\/p><p><span data-ccp-props=\"{&quot;335551550&quot;:6,&quot;335551620&quot;:6}\">\u00a0<\/span><\/p><p><span data-contrast=\"auto\">El presente documento tiene como finalidad el establecer y regular las normas de uso de la presente web (en adelante el \u00abSitio\u00bb).<\/span><span data-ccp-props=\"{&quot;335551550&quot;:6,&quot;335551620&quot;:6}\">\u00a0<\/span><\/p><p><span data-ccp-props=\"{&quot;335551550&quot;:6,&quot;335551620&quot;:6}\">\u00a0<\/span><\/p><p><span data-contrast=\"auto\">Este Sitio es p\u00fablico y su utilizaci\u00f3n atribuye la condici\u00f3n de usuario del mismo, implicando la aceptaci\u00f3n de todas las condiciones incluidas en el presente aviso legal. El usuario se compromete a leer atentamente el presente aviso legal en cada una de las ocasiones en que se proponga utilizar el Sitio, ya que este y sus condiciones de uso recogidas en el presente aviso legal pueden sufrir modificaciones.<\/span><span data-ccp-props=\"{&quot;335551550&quot;:6,&quot;335551620&quot;:6}\">\u00a0<\/span><\/p><p><span data-ccp-props=\"{&quot;335551550&quot;:6,&quot;335551620&quot;:6}\">\u00a0<\/span><\/p><p><span data-contrast=\"auto\">Esta p\u00e1gina web tiene por objeto facilitar a los clientes potenciales y a los clientes, informaci\u00f3n relativa los productos que ofrece \u201cRESTAURANTE CHIQUI\u201d, as\u00ed como proporcionar informaci\u00f3n que pueda resultar de inter\u00e9s.\u00a0<\/span><span data-ccp-props=\"{&quot;335551550&quot;:6,&quot;335551620&quot;:6}\">\u00a0<\/span><\/p><p><span data-ccp-props=\"{&quot;335551550&quot;:6,&quot;335551620&quot;:6}\">\u00a0<\/span><\/p><p><b><span data-contrast=\"auto\">2.- Titularidad del Sitio Web<\/span><\/b><span data-ccp-props=\"{&quot;335551550&quot;:6,&quot;335551620&quot;:6}\">\u00a0<\/span><\/p><p><span data-ccp-props=\"{&quot;335551550&quot;:6,&quot;335551620&quot;:6}\">\u00a0<\/span><\/p><p><span data-contrast=\"auto\">En cumplimiento de la Ley 34\/2002, de 11 de julio, de servicios de la sociedad de la informaci\u00f3n y de comercio electr\u00f3nico (LSSI), le informamos de que la titular del presente Sitio es Jos\u00e9 Belmonte Aroca (nombre comercial: \u201c<\/span><i><span data-contrast=\"auto\">RESTAURANTE CHIQUI<\/span><\/i><span data-contrast=\"auto\">, con domicilio social en <\/span><b><span data-contrast=\"auto\">Julian Romea junto subida a la ermita, 30530; Cieza, Murcia<\/span><\/b><span data-contrast=\"auto\">, correo electr\u00f3nico: <\/span><b><span data-contrast=\"auto\">belmontegarcia2001@gmail.com<\/span><\/b><i><span data-contrast=\"auto\">.<\/span><\/i><span data-ccp-props=\"{&quot;335551550&quot;:6,&quot;335551620&quot;:6}\">\u00a0<\/span><\/p><p><span data-ccp-props=\"{&quot;335551550&quot;:6,&quot;335551620&quot;:6}\">\u00a0<\/span><\/p><ol start=\"3\"><li><b><span data-contrast=\"auto\"> Finalidades<\/span><\/b><\/li><\/ol><p><span data-ccp-props=\"{&quot;335551550&quot;:6,&quot;335551620&quot;:6}\">\u00a0<\/span><\/p><p><span data-contrast=\"auto\">En particular, los datos que se proporcionen a trav\u00e9s de la web ser\u00e1n tratados para la gesti\u00f3n del pedido o de la consulta realizada y, en su caso, si se produce la contrataci\u00f3n de los servicios, para la gesti\u00f3n profesional, administrativa, contable y fiscal de los mismos, o para promociones\u00a0comerciales.<\/span><span data-ccp-props=\"{&quot;335551550&quot;:6,&quot;335551620&quot;:6}\">\u00a0<\/span><\/p><p><span data-ccp-props=\"{&quot;335551550&quot;:6,&quot;335551620&quot;:6}\">\u00a0<\/span><\/p><ol start=\"4\"><li><b><span data-contrast=\"auto\"> Legitimaci\u00f3n del tratamiento<\/span><\/b><\/li><\/ol><p><span data-ccp-props=\"{&quot;335551550&quot;:6,&quot;335551620&quot;:6}\">\u00a0<\/span><\/p><p><span data-contrast=\"auto\">La legitimaci\u00f3n del tratamiento de sus datos es el consentimiento expreso que presta enviando el formulario de contacto.<\/span><span data-ccp-props=\"{&quot;335551550&quot;:6,&quot;335551620&quot;:6}\">\u00a0<\/span><\/p><p><span data-ccp-props=\"{&quot;335551550&quot;:6,&quot;335551620&quot;:6}\">\u00a0<\/span><\/p><p><span data-contrast=\"auto\">Si se produce la contrataci\u00f3n de los servicios, la legitimaci\u00f3n del tratamiento ser\u00e1, adem\u00e1s, la relaci\u00f3n contractual que se establezca y el cumplimiento de las obligaciones profesionales y legales derivadas del mismo.<\/span><span data-ccp-props=\"{&quot;335551550&quot;:6,&quot;335551620&quot;:6}\">\u00a0<\/span><\/p><p><span data-ccp-props=\"{&quot;335551550&quot;:6,&quot;335551620&quot;:6}\">\u00a0<\/span><\/p><ol start=\"5\"><li><b><span data-contrast=\"auto\"> Comunicaciones de los datos<\/span><\/b><\/li><\/ol><p><span data-ccp-props=\"{&quot;335551550&quot;:6,&quot;335551620&quot;:6}\">\u00a0<\/span><\/p><p><span data-contrast=\"auto\">Los datos derivados del contacto y la consulta no ser\u00e1n comunicados a terceros, a menos que exista un requerimiento judicial u obligaci\u00f3n legal an\u00e1loga.<\/span><span data-ccp-props=\"{&quot;335551550&quot;:6,&quot;335551620&quot;:6}\">\u00a0<\/span><\/p><p><span data-ccp-props=\"{&quot;335551550&quot;:6,&quot;335551620&quot;:6}\">\u00a0<\/span><\/p><p><b><span data-contrast=\"auto\">6.- Plazo de conservaci\u00f3n<\/span><\/b><span data-ccp-props=\"{&quot;335551550&quot;:6,&quot;335551620&quot;:6}\">\u00a0<\/span><\/p><p><span data-ccp-props=\"{&quot;335551550&quot;:6,&quot;335551620&quot;:6}\">\u00a0<\/span><\/p><p><span data-contrast=\"auto\">El cliente queda informado de que sus datos ser\u00e1n conservados mientras se mantenga la relaci\u00f3n comercial y durante el plazo por el cu\u00e1l pudieran derivarse responsabilidades legales por los servicios prestados; Todo ello respetando los plazos legales establecidos.<\/span><span data-ccp-props=\"{&quot;335551550&quot;:6,&quot;335551620&quot;:6}\">\u00a0<\/span><\/p><p><span data-ccp-props=\"{&quot;335551550&quot;:6,&quot;335551620&quot;:6}\">\u00a0<\/span><\/p><p><span data-ccp-props=\"{&quot;335551550&quot;:6,&quot;335551620&quot;:6}\">\u00a0<\/span><\/p><p><span data-ccp-props=\"{&quot;335551550&quot;:6,&quot;335551620&quot;:6}\">\u00a0<\/span><\/p><p><b><span data-contrast=\"auto\">POL\u00cdTICA DE PRIVACIDAD Y PROTECCI\u00d3N DE DATOS PERSONALES<\/span><\/b><span data-ccp-props=\"{&quot;335551550&quot;:2,&quot;335551620&quot;:2}\">\u00a0<\/span><\/p><p><span data-ccp-props=\"{&quot;335551550&quot;:2,&quot;335551620&quot;:2}\">\u00a0<\/span><\/p><p><span data-ccp-props=\"{&quot;335551550&quot;:6,&quot;335551620&quot;:6}\">\u00a0<\/span><\/p><p><b><span data-contrast=\"auto\">1.- Protecci\u00f3n de datos de car\u00e1cter personal<\/span><\/b><span data-ccp-props=\"{&quot;335551550&quot;:6,&quot;335551620&quot;:6}\">\u00a0<\/span><\/p><p><span data-ccp-props=\"{&quot;335551550&quot;:6,&quot;335551620&quot;:6}\">\u00a0<\/span><\/p><p><span data-contrast=\"auto\">En cumplimiento del Reglamento (UE) 2016\/679 del Parlamento Europeo y del Consejo, de 27 de abril de 2016, relativo a la Protecci\u00f3n de las Personas F\u00edsicas, en lo que respecta al tratamiento de datos personales y a la libre circulaci\u00f3n de estos datos y de la legislaci\u00f3n y normativa vigente en materia de protecci\u00f3n de datos, la empresa comunica a los usuarios del sitio web, que los datos facilitados a trav\u00e9s de nuestra p\u00e1gina web mediante los correspondientes formularios de contacto y los emails recibidos, que tienen la consideraci\u00f3n de datos de car\u00e1cter personal, ser\u00e1n incorporados a nuestros ficheros, con la finalidad de poder gestionar el servicio solicitado, contestar a su solicitud y\/o tramitar su petici\u00f3n. Los usuarios garantizan y responden, en cualquier caso, de la veracidad, exactitud, vigencia, autenticidad, pertinencia y no excesividad de los Datos Personales que han proporcionado de manera absolutamente voluntaria, comprometi\u00e9ndose a mantenerlos debidamente actualizados. Realizar una solicitud cumplimentando el formulario de contacto implicar\u00e1 necesariamente que ha sido informado y ha otorgado expresamente su consentimiento al contenido de la cl\u00e1usula anexada a dicho formulario o aceptaci\u00f3n de la presente pol\u00edtica de privacidad.<\/span><span data-ccp-props=\"{&quot;335551550&quot;:6,&quot;335551620&quot;:6}\">\u00a0<\/span><\/p><p><span data-ccp-props=\"{&quot;335551550&quot;:6,&quot;335551620&quot;:6}\">\u00a0<\/span><\/p><p><span data-ccp-props=\"{&quot;335551550&quot;:6,&quot;335551620&quot;:6}\">\u00a0<\/span><\/p><p><b><span data-contrast=\"auto\">2.- Datos de menores<\/span><\/b><span data-ccp-props=\"{&quot;335551550&quot;:6,&quot;335551620&quot;:6}\">\u00a0<\/span><\/p><p><span data-ccp-props=\"{&quot;335551550&quot;:6,&quot;335551620&quot;:6}\">\u00a0<\/span><\/p><p><span data-contrast=\"auto\">No se autoriza facilitar datos de personas menores de dieciocho a\u00f1os de edad a trav\u00e9s de este sitio web. La empresa se exime de cualquier responsabilidad por el incumplimiento de este requisito.<\/span><span data-ccp-props=\"{&quot;335551550&quot;:6,&quot;335551620&quot;:6}\">\u00a0<\/span><\/p><p><span data-ccp-props=\"{&quot;335551550&quot;:6,&quot;335551620&quot;:6}\">\u00a0<\/span><\/p><p><span data-ccp-props=\"{&quot;335551550&quot;:6,&quot;335551620&quot;:6}\">\u00a0<\/span><\/p><p><b><span data-contrast=\"auto\">3.- Medidas de seguridad<\/span><\/b><span data-ccp-props=\"{&quot;335551550&quot;:6,&quot;335551620&quot;:6}\">\u00a0<\/span><\/p><p><span data-ccp-props=\"{&quot;335551550&quot;:6,&quot;335551620&quot;:6}\">\u00a0<\/span><\/p><p><span data-contrast=\"auto\">El responsable del fichero ha adoptado los niveles de seguridad de protecci\u00f3n de los Datos Personales legalmente requeridos, instalando todos los medios y medidas t\u00e9cnicas a su disposici\u00f3n, seg\u00fan el estado de la tecnolog\u00eda, para evitar la p\u00e9rdida, mal uso, alteraci\u00f3n, acceso no autorizado y robo de los Datos Personales facilitados.<\/span><span data-ccp-props=\"{&quot;335551550&quot;:6,&quot;335551620&quot;:6}\">\u00a0<\/span><\/p><p><span data-ccp-props=\"{&quot;335551550&quot;:6,&quot;335551620&quot;:6}\">\u00a0<\/span><\/p><p><b><span data-contrast=\"auto\">4.- Deber de secreto<\/span><\/b><span data-ccp-props=\"{&quot;335551550&quot;:6,&quot;335551620&quot;:6}\">\u00a0<\/span><\/p><p><span data-ccp-props=\"{&quot;335551550&quot;:6,&quot;335551620&quot;:6}\">\u00a0<\/span><\/p><p><span data-contrast=\"auto\">El usuario cuenta con la confidencialidad y el deber de secreto de todos aquellos que traten los datos en nombre y por cuenta del mismo. Sin perjuicio de lo anterior, el usuario es consciente de la posibilidad de que la seguridad de las comunicaciones a trav\u00e9s de red no sea invulnerable.<\/span><span data-ccp-props=\"{&quot;335551550&quot;:6,&quot;335551620&quot;:6}\">\u00a0<\/span><\/p><p><span data-ccp-props=\"{&quot;335551550&quot;:6,&quot;335551620&quot;:6}\">\u00a0<\/span><\/p><p><b><span data-contrast=\"auto\">5.- Derechos de los afectados<\/span><\/b><span data-ccp-props=\"{&quot;335551550&quot;:6,&quot;335551620&quot;:6}\">\u00a0<\/span><\/p><p><span data-ccp-props=\"{&quot;335551550&quot;:6,&quot;335551620&quot;:6}\">\u00a0<\/span><\/p><p><span data-contrast=\"auto\">Cualquier usuario tiene derecho a obtener la confirmaci\u00f3n sobre si tratamos datos personales que le conciernen o no.\u00a0<\/span><span data-ccp-props=\"{&quot;335551550&quot;:6,&quot;335551620&quot;:6}\">\u00a0<\/span><\/p><p><span data-contrast=\"auto\">Los usuarios interesados tienen derecho a acceder a sus datos personales y a obtener una copia de los datos personales objeto del tratamiento, a actualizarlos, as\u00ed como a solicitar la rectificaci\u00f3n de los datos inexactos o, en su caso, solicitar su supresi\u00f3n cuando, entre otros motivos, los datos ya no sean necesarios para los fines para los que fueron recogidos.\u00a0<\/span><span data-ccp-props=\"{&quot;335551550&quot;:6,&quot;335551620&quot;:6}\">\u00a0<\/span><\/p><p><span data-contrast=\"auto\">En determinadas circunstancias previstas en el art\u00edculo 18 RGPD, los interesados podr\u00e1n solicitar la limitaci\u00f3n del tratamiento de sus datos, en cuyo caso \u00fanicamente los conservaremos para el ejercicio o la defensa de reclamaciones.\u00a0<\/span><span data-ccp-props=\"{&quot;335551550&quot;:6,&quot;335551620&quot;:6}\">\u00a0<\/span><\/p><p><span data-contrast=\"auto\">Como consecuencia de la aplicaci\u00f3n del derecho a la supresi\u00f3n u oposici\u00f3n al tratamiento de datos personales en el entorno online, los interesados tienen el derecho al olvido seg\u00fan la jurisprudencia del Tribunal de Justicia de la UE.\u00a0<\/span><span data-ccp-props=\"{&quot;335551550&quot;:6,&quot;335551620&quot;:6}\">\u00a0<\/span><\/p><p><span data-contrast=\"auto\">Los interesados podr\u00e1n oponerse al tratamiento de sus datos con fines de mercadotecnia, incluida la elaboraci\u00f3n de perfiles.<\/span><span data-ccp-props=\"{&quot;335551550&quot;:6,&quot;335551620&quot;:6}\">\u00a0<\/span><\/p><p><span data-ccp-props=\"{&quot;335551550&quot;:6,&quot;335551620&quot;:6}\">\u00a0<\/span><\/p><p><b><span data-contrast=\"auto\">Puede ejercer sus derechos:\u00a0<\/span><\/b><span data-ccp-props=\"{&quot;335551550&quot;:6,&quot;335551620&quot;:6}\">\u00a0<\/span><\/p><p><span data-ccp-props=\"{&quot;335551550&quot;:6,&quot;335551620&quot;:6}\">\u00a0<\/span><\/p><p><b><span data-contrast=\"auto\">&#8211; Mediante un correo electr\u00f3nico dirigido a: <\/span><\/b><b><i><span data-contrast=\"auto\">belmontegarcia2001@gmail.com<\/span><\/i><\/b><span data-ccp-props=\"{&quot;335551550&quot;:6,&quot;335551620&quot;:6}\">\u00a0<\/span><\/p><p><span data-ccp-props=\"{&quot;335551550&quot;:6,&quot;335551620&quot;:6}\">\u00a0<\/span><\/p><p><span data-contrast=\"auto\">La empresa tiene a su disposici\u00f3n los formularios necesarios para ejercitar cualquier derecho relacionado con sus datos personales.<\/span><span data-ccp-props=\"{&quot;335551550&quot;:6,&quot;335551620&quot;:6}\">\u00a0<\/span><\/p><p><span data-ccp-props=\"{&quot;335551550&quot;:6,&quot;335551620&quot;:6}\">\u00a0<\/span><\/p><p><span data-ccp-props=\"{&quot;335551550&quot;:6,&quot;335551620&quot;:6}\">\u00a0<\/span><\/p><p><span data-ccp-props=\"{&quot;335551550&quot;:6,&quot;335551620&quot;:6}\">\u00a0<\/span><\/p><p><b><span data-contrast=\"auto\">6.- Legislaci\u00f3n<\/span><\/b><span data-ccp-props=\"{&quot;335551550&quot;:6,&quot;335551620&quot;:6}\">\u00a0<\/span><\/p><p><span data-ccp-props=\"{&quot;335551550&quot;:6,&quot;335551620&quot;:6}\">\u00a0<\/span><\/p><p><span data-contrast=\"auto\">El presente Aviso Legal se rige en todos y cada uno de sus extremos por la legislaci\u00f3n espa\u00f1ola.<\/span><span data-ccp-props=\"{&quot;335551550&quot;:6,&quot;335551620&quot;:6}\">\u00a0<\/span><\/p><\/li><\/ul>\t\t\t\t\t\t\t\t<\/div>\n\t\t\t\t<\/div>\n\t\t\t\t\t<\/div>\n\t\t\t\t<\/div>\n\t\t\t\t<\/div>\n\t\t","protected":false},"excerpt":{"rendered":"<p>Aviso legal \u201cEn virtud del cumplimiento de la normativa EMVCo, MasterCard, VISA y la Directiva Europea PSDII, durante la operaci\u00f3n de pago electr\u00f3nico comunicar\u00e1 informaci\u00f3n referida a la conexi\u00f3n empleada en la sesi\u00f3n al Banco emisor de la tarjeta para proceder a la validaci\u00f3n de la operaci\u00f3n de pago realizada por el usuario\u201d. 1.- Introducci\u00f3n\u00a0 [&hellip;]<\/p>\n","protected":false},"author":1,"featured_media":0,"parent":0,"menu_order":0,"comment_status":"closed","ping_status":"closed","template":"","meta":{"footnotes":""},"class_list":["post-805","page","type-page","status-publish","hentry"],"yoast_head":"<!-- This site is optimized with the Yoast SEO plugin v24.8.1 - https:\/\/yoast.com\/wordpress\/plugins\/seo\/ -->\n<title>Aviso legal - pecadobychiqui.com<\/title>\n<meta name=\"robots\" content=\"index, follow, max-snippet:-1, max-image-preview:large, max-video-preview:-1\" \/>\n<link rel=\"canonical\" href=\"https:\/\/pecadobychiqui.com\/?page_id=805\" \/>\n<meta property=\"og:locale\" content=\"es_ES\" \/>\n<meta property=\"og:type\" content=\"article\" \/>\n<meta property=\"og:title\" content=\"Aviso legal - pecadobychiqui.com\" \/>\n<meta property=\"og:description\" content=\"Aviso legal \u201cEn virtud del cumplimiento de la normativa EMVCo, MasterCard, VISA y la Directiva Europea PSDII, durante la operaci\u00f3n de pago electr\u00f3nico comunicar\u00e1 informaci\u00f3n referida a la conexi\u00f3n empleada en la sesi\u00f3n al Banco emisor de la tarjeta para proceder a la validaci\u00f3n de la operaci\u00f3n de pago realizada por el usuario\u201d. 1.- Introducci\u00f3n\u00a0 [&hellip;]\" \/>\n<meta property=\"og:url\" content=\"https:\/\/pecadobychiqui.com\/?page_id=805\" \/>\n<meta property=\"og:site_name\" content=\"pecadobychiqui.com\" \/>\n<meta property=\"article:modified_time\" content=\"2025-03-06T11:35:43+00:00\" \/>\n<meta name=\"twitter:card\" content=\"summary_large_image\" \/>\n<meta name=\"twitter:label1\" content=\"Tiempo de lectura\" \/>\n\t<meta name=\"twitter:data1\" content=\"5 minutos\" \/>\n<script type=\"application\/ld+json\" class=\"yoast-schema-graph\">{\"@context\":\"https:\/\/schema.org\",\"@graph\":[{\"@type\":\"WebPage\",\"@id\":\"https:\/\/pecadobychiqui.com\/?page_id=805\",\"url\":\"https:\/\/pecadobychiqui.com\/?page_id=805\",\"name\":\"Aviso legal - pecadobychiqui.com\",\"isPartOf\":{\"@id\":\"https:\/\/pecadobychiqui.com\/#website\"},\"datePublished\":\"2025-02-18T17:27:52+00:00\",\"dateModified\":\"2025-03-06T11:35:43+00:00\",\"breadcrumb\":{\"@id\":\"https:\/\/pecadobychiqui.com\/?page_id=805#breadcrumb\"},\"inLanguage\":\"es\",\"potentialAction\":[{\"@type\":\"ReadAction\",\"target\":[\"https:\/\/pecadobychiqui.com\/?page_id=805\"]}]},{\"@type\":\"BreadcrumbList\",\"@id\":\"https:\/\/pecadobychiqui.com\/?page_id=805#breadcrumb\",\"itemListElement\":[{\"@type\":\"ListItem\",\"position\":1,\"name\":\"Portada\",\"item\":\"https:\/\/pecadobychiqui.com\/\"},{\"@type\":\"ListItem\",\"position\":2,\"name\":\"Aviso legal\"}]},{\"@type\":\"WebSite\",\"@id\":\"https:\/\/pecadobychiqui.com\/#website\",\"url\":\"https:\/\/pecadobychiqui.com\/\",\"name\":\"pecadobychiqui.com\",\"description\":\"Restaurante en Cieza\",\"potentialAction\":[{\"@type\":\"SearchAction\",\"target\":{\"@type\":\"EntryPoint\",\"urlTemplate\":\"https:\/\/pecadobychiqui.com\/?s={search_term_string}\"},\"query-input\":{\"@type\":\"PropertyValueSpecification\",\"valueRequired\":true,\"valueName\":\"search_term_string\"}}],\"inLanguage\":\"es\"}]}<\/script>\n<!-- \/ Yoast SEO plugin. -->","yoast_head_json":{"title":"Aviso legal - pecadobychiqui.com","robots":{"index":"index","follow":"follow","max-snippet":"max-snippet:-1","max-image-preview":"max-image-preview:large","max-video-preview":"max-video-preview:-1"},"canonical":"https:\/\/pecadobychiqui.com\/?page_id=805","og_locale":"es_ES","og_type":"article","og_title":"Aviso legal - pecadobychiqui.com","og_description":"Aviso legal \u201cEn virtud del cumplimiento de la normativa EMVCo, MasterCard, VISA y la Directiva Europea PSDII, durante la operaci\u00f3n de pago electr\u00f3nico comunicar\u00e1 informaci\u00f3n referida a la conexi\u00f3n empleada en la sesi\u00f3n al Banco emisor de la tarjeta para proceder a la validaci\u00f3n de la operaci\u00f3n de pago realizada por el usuario\u201d. 1.- Introducci\u00f3n\u00a0 [&hellip;]","og_url":"https:\/\/pecadobychiqui.com\/?page_id=805","og_site_name":"pecadobychiqui.com","article_modified_time":"2025-03-06T11:35:43+00:00","twitter_card":"summary_large_image","twitter_misc":{"Tiempo de lectura":"5 minutos"},"schema":{"@context":"https:\/\/schema.org","@graph":[{"@type":"WebPage","@id":"https:\/\/pecadobychiqui.com\/?page_id=805","url":"https:\/\/pecadobychiqui.com\/?page_id=805","name":"Aviso legal - pecadobychiqui.com","isPartOf":{"@id":"https:\/\/pecadobychiqui.com\/#website"},"datePublished":"2025-02-18T17:27:52+00:00","dateModified":"2025-03-06T11:35:43+00:00","breadcrumb":{"@id":"https:\/\/pecadobychiqui.com\/?page_id=805#breadcrumb"},"inLanguage":"es","potentialAction":[{"@type":"ReadAction","target":["https:\/\/pecadobychiqui.com\/?page_id=805"]}]},{"@type":"BreadcrumbList","@id":"https:\/\/pecadobychiqui.com\/?page_id=805#breadcrumb","itemListElement":[{"@type":"ListItem","position":1,"name":"Portada","item":"https:\/\/pecadobychiqui.com\/"},{"@type":"ListItem","position":2,"name":"Aviso legal"}]},{"@type":"WebSite","@id":"https:\/\/pecadobychiqui.com\/#website","url":"https:\/\/pecadobychiqui.com\/","name":"pecadobychiqui.com","description":"Restaurante en Cieza","potentialAction":[{"@type":"SearchAction","target":{"@type":"EntryPoint","urlTemplate":"https:\/\/pecadobychiqui.com\/?s={search_term_string}"},"query-input":{"@type":"PropertyValueSpecification","valueRequired":true,"valueName":"search_term_string"}}],"inLanguage":"es"}]}},"_links":{"self":[{"href":"https:\/\/pecadobychiqui.com\/index.php?rest_route=\/wp\/v2\/pages\/805","targetHints":{"allow":["GET"]}}],"collection":[{"href":"https:\/\/pecadobychiqui.com\/index.php?rest_route=\/wp\/v2\/pages"}],"about":[{"href":"https:\/\/pecadobychiqui.com\/index.php?rest_route=\/wp\/v2\/types\/page"}],"author":[{"embeddable":true,"href":"https:\/\/pecadobychiqui.com\/index.php?rest_route=\/wp\/v2\/users\/1"}],"replies":[{"embeddable":true,"href":"https:\/\/pecadobychiqui.com\/index.php?rest_route=%2Fwp%2Fv2%2Fcomments&post=805"}],"version-history":[{"count":13,"href":"https:\/\/pecadobychiqui.com\/index.php?rest_route=\/wp\/v2\/pages\/805\/revisions"}],"predecessor-version":[{"id":912,"href":"https:\/\/pecadobychiqui.com\/index.php?rest_route=\/wp\/v2\/pages\/805\/revisions\/912"}],"wp:attachment":[{"href":"https:\/\/pecadobychiqui.com\/index.php?rest_route=%2Fwp%2Fv2%2Fmedia&parent=805"}],"curies":[{"name":"wp","href":"https:\/\/api.w.org\/{rel}","templated":true}]}}